{"id":2,"date":"2024-10-29T16:26:58","date_gmt":"2024-10-29T16:26:58","guid":{"rendered":"https:\/\/gestionesgara.rkinformatika.online\/?page_id=2"},"modified":"2025-02-06T10:29:49","modified_gmt":"2025-02-06T10:29:49","slug":"inicio","status":"publish","type":"page","link":"https:\/\/victorcarmeloarrinda.es\/eu\/","title":{"rendered":"Hasiera"},"content":{"rendered":"<div data-elementor-type=\"wp-page\" data-elementor-id=\"2\" class=\"elementor elementor-2\" data-elementor-post-type=\"page\">\n\t\t\t\t\t\t<section class=\"elementor-section elementor-top-section elementor-element elementor-element-2ed52626 elementor-section-boxed elementor-section-height-default elementor-section-height-default\" data-id=\"2ed52626\" data-element_type=\"section\" data-e-type=\"section\" data-settings=\"{&quot;background_background&quot;:&quot;classic&quot;}\">\n\t\t\t\t\t\t\t<div class=\"elementor-background-overlay\"><\/div>\n\t\t\t\t\t\t\t<div class=\"elementor-container elementor-column-gap-default\">\n\t\t\t\t\t<div class=\"elementor-column elementor-col-100 elementor-top-column elementor-element elementor-element-1f030a91\" data-id=\"1f030a91\" data-element_type=\"column\" data-e-type=\"column\">\n\t\t\t<div class=\"elementor-widget-wrap elementor-element-populated\">\n\t\t\t\t\t\t<div class=\"elementor-element elementor-element-6d1f2ec elementor-widget elementor-widget-heading\" data-id=\"6d1f2ec\" data-element_type=\"widget\" data-e-type=\"widget\" data-widget_type=\"heading.default\">\n\t\t\t\t<div class=\"elementor-widget-container\">\n\t\t\t\t\t<h2 class=\"elementor-heading-title elementor-size-default\">V\u00edctor Carmelo\n<\/h2>\t\t\t\t<\/div>\n\t\t\t\t<\/div>\n\t\t\t\t<div class=\"elementor-element elementor-element-bfcce63 elementor-widget elementor-widget-heading\" data-id=\"bfcce63\" data-element_type=\"widget\" data-e-type=\"widget\" data-widget_type=\"heading.default\">\n\t\t\t\t<div class=\"elementor-widget-container\">\n\t\t\t\t\t<h2 class=\"elementor-heading-title elementor-size-default\">Industria-hornidura<\/h2>\t\t\t\t<\/div>\n\t\t\t\t<\/div>\n\t\t\t\t<div class=\"elementor-element elementor-element-c408cf7 elementor-widget elementor-widget-heading\" data-id=\"c408cf7\" data-element_type=\"widget\" data-e-type=\"widget\" data-widget_type=\"heading.default\">\n\t\t\t\t<div class=\"elementor-widget-container\">\n\t\t\t\t\t<h2 class=\"elementor-heading-title elementor-size-default\">Eraikitzeko, sortzeko eta hazteko behar duzun guztia.<\/h2>\t\t\t\t<\/div>\n\t\t\t\t<\/div>\n\t\t\t\t\t<\/div>\n\t\t<\/div>\n\t\t\t\t\t<\/div>\n\t\t<\/section>\n\t\t<div class=\"elementor-element elementor-element-de03bfe e-flex e-con-boxed e-con e-parent\" data-id=\"de03bfe\" data-element_type=\"container\" data-e-type=\"container\">\n\t\t\t\t\t<div class=\"e-con-inner\">\n\t\t<div class=\"elementor-element elementor-element-bdc4c04 e-con-full e-flex e-con e-child\" data-id=\"bdc4c04\" data-element_type=\"container\" data-e-type=\"container\">\n\t\t\t\t<div class=\"elementor-element elementor-element-133d822c elementor-widget elementor-widget-heading\" data-id=\"133d822c\" data-element_type=\"widget\" data-e-type=\"widget\" data-widget_type=\"heading.default\">\n\t\t\t\t<div class=\"elementor-widget-container\">\n\t\t\t\t\t<h6 class=\"elementor-heading-title elementor-size-default\">Guri buruz<\/h6>\t\t\t\t<\/div>\n\t\t\t\t<\/div>\n\t\t\t\t<div class=\"elementor-element elementor-element-ca18992 elementor-widget elementor-widget-text-editor\" data-id=\"ca18992\" data-element_type=\"widget\" data-e-type=\"widget\" data-widget_type=\"text-editor.default\">\n\t\t\t\t<div class=\"elementor-widget-container\">\n\t\t\t\t\t\t\t\t\t<h6>35 urte baino gehiagoko esperientzia du sektorean, eta gure enpresa erreferente gisa finkatu da hornidura industrialean, soluzio eraginkorrak eta kalitate handiko produktuak eskainiz hainbat sektoretako profesional eta enpresentzat. Hasieratik, bikaintasun-konpromiso irmoarekin lan egin dugu, bezero bakoitzaren behar aldakorretara egokituz, eta konfiantza eta zerbitzu pertsonalizatua eskainiz.<\/h6>\t\t\t\t\t\t\t\t<\/div>\n\t\t\t\t<\/div>\n\t\t\t\t<\/div>\n\t\t<div class=\"elementor-element elementor-element-d164a36 e-con-full e-flex e-con e-child\" data-id=\"d164a36\" data-element_type=\"container\" data-e-type=\"container\">\n\t\t\t\t<div class=\"elementor-element elementor-element-c5d3a21 elementor-widget elementor-widget-image\" data-id=\"c5d3a21\" data-element_type=\"widget\" data-e-type=\"widget\" data-widget_type=\"image.default\">\n\t\t\t\t<div class=\"elementor-widget-container\">\n\t\t\t\t\t\t\t\t\t\t\t\t\t\t\t<img fetchpriority=\"high\" decoding=\"async\" width=\"1697\" height=\"2335\" src=\"https:\/\/victorcarmeloarrinda.es\/wp-content\/uploads\/2025\/02\/Foto-Web.jpg\" class=\"attachment-full size-full wp-image-1745\" alt=\"\" srcset=\"https:\/\/victorcarmeloarrinda.es\/wp-content\/uploads\/2025\/02\/Foto-Web.jpg 1697w, https:\/\/victorcarmeloarrinda.es\/wp-content\/uploads\/2025\/02\/Foto-Web-218x300.jpg 218w, https:\/\/victorcarmeloarrinda.es\/wp-content\/uploads\/2025\/02\/Foto-Web-744x1024.jpg 744w, https:\/\/victorcarmeloarrinda.es\/wp-content\/uploads\/2025\/02\/Foto-Web-768x1057.jpg 768w, https:\/\/victorcarmeloarrinda.es\/wp-content\/uploads\/2025\/02\/Foto-Web-1116x1536.jpg 1116w, https:\/\/victorcarmeloarrinda.es\/wp-content\/uploads\/2025\/02\/Foto-Web-1488x2048.jpg 1488w, https:\/\/victorcarmeloarrinda.es\/wp-content\/uploads\/2025\/02\/Foto-Web-9x12.jpg 9w\" sizes=\"(max-width: 1697px) 100vw, 1697px\" \/>\t\t\t\t\t\t\t\t\t\t\t\t\t\t\t<\/div>\n\t\t\t\t<\/div>\n\t\t\t\t<\/div>\n\t\t\t\t\t<\/div>\n\t\t\t\t<\/div>\n\t\t<div class=\"elementor-element elementor-element-cb3d010 e-con-full e-flex e-con e-parent\" data-id=\"cb3d010\" data-element_type=\"container\" data-e-type=\"container\">\n\t\t<div class=\"elementor-element elementor-element-7b3501e e-con-full e-flex e-con e-child\" data-id=\"7b3501e\" data-element_type=\"container\" data-e-type=\"container\">\n\t\t\t\t<div class=\"elementor-element elementor-element-9d76065 elementor-widget__width-initial elementor-widget elementor-widget-counter\" data-id=\"9d76065\" data-element_type=\"widget\" data-e-type=\"widget\" data-widget_type=\"counter.default\">\n\t\t\t\t<div class=\"elementor-widget-container\">\n\t\t\t\t\t\t\t<div class=\"elementor-counter\">\n\t\t\t<div class=\"elementor-counter-title\">Esperientzia-urteak<\/div>\t\t\t<div class=\"elementor-counter-number-wrapper\">\n\t\t\t\t<span class=\"elementor-counter-number-prefix\">+<\/span>\n\t\t\t\t<span class=\"elementor-counter-number\" data-duration=\"2000\" data-to-value=\"35\" data-from-value=\"0\" data-delimiter=\",\">0<\/span>\n\t\t\t\t<span class=\"elementor-counter-number-suffix\"><\/span>\n\t\t\t<\/div>\n\t\t<\/div>\n\t\t\t\t\t\t<\/div>\n\t\t\t\t<\/div>\n\t\t\t\t<\/div>\n\t\t<div class=\"elementor-element elementor-element-cd76b45 e-con-full e-flex e-con e-child\" data-id=\"cd76b45\" data-element_type=\"container\" data-e-type=\"container\">\n\t\t\t\t<div class=\"elementor-element elementor-element-db631d1 elementor-widget__width-initial elementor-widget elementor-widget-counter\" data-id=\"db631d1\" data-element_type=\"widget\" data-e-type=\"widget\" data-widget_type=\"counter.default\">\n\t\t\t\t<div class=\"elementor-widget-container\">\n\t\t\t\t\t\t\t<div class=\"elementor-counter\">\n\t\t\t<div class=\"elementor-counter-title\">Eguneroko gomendioak<\/div>\t\t\t<div class=\"elementor-counter-number-wrapper\">\n\t\t\t\t<span class=\"elementor-counter-number-prefix\">+<\/span>\n\t\t\t\t<span class=\"elementor-counter-number\" data-duration=\"2000\" data-to-value=\"350\" data-from-value=\"0\" data-delimiter=\",\">0<\/span>\n\t\t\t\t<span class=\"elementor-counter-number-suffix\"><\/span>\n\t\t\t<\/div>\n\t\t<\/div>\n\t\t\t\t\t\t<\/div>\n\t\t\t\t<\/div>\n\t\t\t\t<\/div>\n\t\t<div class=\"elementor-element elementor-element-8aafd93 e-con-full e-flex e-con e-child\" data-id=\"8aafd93\" data-element_type=\"container\" data-e-type=\"container\">\n\t\t\t\t<div class=\"elementor-element elementor-element-ec6b517 elementor-widget__width-initial elementor-widget elementor-widget-counter\" data-id=\"ec6b517\" data-element_type=\"widget\" data-e-type=\"widget\" data-widget_type=\"counter.default\">\n\t\t\t\t<div class=\"elementor-widget-container\">\n\t\t\t\t\t\t\t<div class=\"elementor-counter\">\n\t\t\t<div class=\"elementor-counter-title\">Pozik dauden bezeroak<\/div>\t\t\t<div class=\"elementor-counter-number-wrapper\">\n\t\t\t\t<span class=\"elementor-counter-number-prefix\">+<\/span>\n\t\t\t\t<span class=\"elementor-counter-number\" data-duration=\"2000\" data-to-value=\"5000\" data-from-value=\"0\" data-delimiter=\",\">0<\/span>\n\t\t\t\t<span class=\"elementor-counter-number-suffix\"><\/span>\n\t\t\t<\/div>\n\t\t<\/div>\n\t\t\t\t\t\t<\/div>\n\t\t\t\t<\/div>\n\t\t\t\t<\/div>\n\t\t\t\t<\/div>\n\t\t<div class=\"elementor-element elementor-element-a79f2b5 e-flex e-con-boxed e-con e-parent\" data-id=\"a79f2b5\" data-element_type=\"container\" data-e-type=\"container\">\n\t\t\t\t\t<div class=\"e-con-inner\">\n\t\t<div class=\"elementor-element elementor-element-727ccbe e-con-full e-flex e-con e-child\" data-id=\"727ccbe\" data-element_type=\"container\" data-e-type=\"container\">\n\t\t\t\t<div class=\"elementor-element elementor-element-b3a4fba elementor-widget elementor-widget-image\" data-id=\"b3a4fba\" data-element_type=\"widget\" data-e-type=\"widget\" data-widget_type=\"image.default\">\n\t\t\t\t<div class=\"elementor-widget-container\">\n\t\t\t\t\t\t\t\t\t\t\t\t\t\t\t<img decoding=\"async\" width=\"306\" height=\"165\" src=\"https:\/\/victorcarmeloarrinda.es\/wp-content\/uploads\/2025\/02\/images.jpeg\" class=\"attachment-full size-full wp-image-1737\" alt=\"\" srcset=\"https:\/\/victorcarmeloarrinda.es\/wp-content\/uploads\/2025\/02\/images.jpeg 306w, https:\/\/victorcarmeloarrinda.es\/wp-content\/uploads\/2025\/02\/images-300x162.jpeg 300w, https:\/\/victorcarmeloarrinda.es\/wp-content\/uploads\/2025\/02\/images-18x10.jpeg 18w\" sizes=\"(max-width: 306px) 100vw, 306px\" \/>\t\t\t\t\t\t\t\t\t\t\t\t\t\t\t<\/div>\n\t\t\t\t<\/div>\n\t\t\t\t<\/div>\n\t\t<div class=\"elementor-element elementor-element-a398af3 e-con-full e-flex e-con e-child\" data-id=\"a398af3\" data-element_type=\"container\" data-e-type=\"container\">\n\t\t\t\t<div class=\"elementor-element elementor-element-eaa0580 elementor-widget elementor-widget-heading\" data-id=\"eaa0580\" data-element_type=\"widget\" data-e-type=\"widget\" data-widget_type=\"heading.default\">\n\t\t\t\t<div class=\"elementor-widget-container\">\n\t\t\t\t\t<h6 class=\"elementor-heading-title elementor-size-default\">Zer eskaintzen dugu?<\/h6>\t\t\t\t<\/div>\n\t\t\t\t<\/div>\n\t\t\t\t<div class=\"elementor-element elementor-element-18fff60 elementor-widget elementor-widget-text-editor\" data-id=\"18fff60\" data-element_type=\"widget\" data-e-type=\"widget\" data-widget_type=\"text-editor.default\">\n\t\t\t\t<div class=\"elementor-widget-container\">\n\t\t\t\t\t\t\t\t\t<h6>Katalogo zabala dugu, tresnak, babes pertsonalerako ekipamenduak, makinak eta askoz gehiago, dena izen handiko markek eta gure esperientzia teknikoak babestuta.<\/h6>\t\t\t\t\t\t\t\t<\/div>\n\t\t\t\t<\/div>\n\t\t\t\t<\/div>\n\t\t\t\t\t<\/div>\n\t\t\t\t<\/div>\n\t\t<div class=\"elementor-element elementor-element-69d2743e e-con-full e-flex e-con e-parent\" data-id=\"69d2743e\" data-element_type=\"container\" data-e-type=\"container\" data-settings=\"{&quot;background_background&quot;:&quot;classic&quot;}\">\n\t\t<div class=\"elementor-element elementor-element-6514e737 e-flex e-con-boxed e-con e-child\" data-id=\"6514e737\" data-element_type=\"container\" data-e-type=\"container\">\n\t\t\t\t\t<div class=\"e-con-inner\">\n\t\t\t\t<div class=\"elementor-element elementor-element-2e4997d4 elementor-invisible elementor-widget elementor-widget-heading\" data-id=\"2e4997d4\" data-element_type=\"widget\" data-e-type=\"widget\" data-settings=\"{&quot;_animation&quot;:&quot;zoomIn&quot;}\" data-widget_type=\"heading.default\">\n\t\t\t\t<div class=\"elementor-widget-container\">\n\t\t\t\t\t<h2 class=\"elementor-heading-title elementor-size-default\">Zalantzarik baduzu edo laguntza behar baduzu, jarri gurekin harremanetan?<\/h2>\t\t\t\t<\/div>\n\t\t\t\t<\/div>\n\t\t\t\t<div class=\"elementor-element elementor-element-152b52b6 elementor-invisible elementor-widget elementor-widget-text-editor\" data-id=\"152b52b6\" data-element_type=\"widget\" data-e-type=\"widget\" data-settings=\"{&quot;_animation&quot;:&quot;zoomIn&quot;,&quot;_animation_delay&quot;:200}\" data-widget_type=\"text-editor.default\">\n\t\t\t\t<div class=\"elementor-widget-container\">\n\t\t\t\t\t\t\t\t\t<p>Zuri laguntzeko gaude hemen. Idatz iezaguzu eta azkar argituko ditugu zure zalantzak.<\/p>\t\t\t\t\t\t\t\t<\/div>\n\t\t\t\t<\/div>\n\t\t\t\t<div class=\"elementor-element elementor-element-10ab1e69 elementor-align-center elementor-invisible elementor-widget elementor-widget-button\" data-id=\"10ab1e69\" data-element_type=\"widget\" data-e-type=\"widget\" data-settings=\"{&quot;_animation&quot;:&quot;bounceIn&quot;}\" data-widget_type=\"button.default\">\n\t\t\t\t<div class=\"elementor-widget-container\">\n\t\t\t\t\t\t\t\t\t<div class=\"elementor-button-wrapper\">\n\t\t\t\t\t<a class=\"elementor-button elementor-button-link elementor-size-sm elementor-animation-hang\" href=\"https:\/\/victorcarmeloarrinda.es\/eu\/contacto\/\">\n\t\t\t\t\t\t<span class=\"elementor-button-content-wrapper\">\n\t\t\t\t\t\t\t\t\t<span class=\"elementor-button-text\">Jarri gurekin harremanetan<\/span>\n\t\t\t\t\t<\/span>\n\t\t\t\t\t<\/a>\n\t\t\t\t<\/div>\n\t\t\t\t\t\t\t\t<\/div>\n\t\t\t\t<\/div>\n\t\t\t\t\t<\/div>\n\t\t\t\t<\/div>\n\t\t\t\t<\/div>\n\t\t\t\t<\/div>","protected":false},"excerpt":{"rendered":"<p>V\u00edctor Carmelo Suministro Industrial Todo lo que necesitas para construir, crear y crecer. Sobre Nosotros Con m\u00e1s de 35 a\u00f1os de experiencia en el sector, nuestra empresa se ha consolidado como un referente en el suministro industrial, ofreciendo soluciones eficientes y productos de alta calidad para profesionales y empresas de diversos sectores. Desde nuestros inicios, [&hellip;]<\/p>\n","protected":false},"author":4,"featured_media":0,"parent":0,"menu_order":0,"comment_status":"closed","ping_status":"closed","template":"elementor_canvas","meta":{"footnotes":""},"class_list":["post-2","page","type-page","status-publish","hentry"],"yoast_head":"<!-- This site is optimized with the Yoast SEO plugin v27.3 - https:\/\/yoast.com\/product\/yoast-seo-wordpress\/ -->\n<title>Inicio - Victor Carmelo Arrinda Elorriaga<\/title>\n<meta name=\"robots\" content=\"index, follow, max-snippet:-1, max-image-preview:large, max-video-preview:-1\" \/>\n<link rel=\"canonical\" href=\"https:\/\/victorcarmeloarrinda.es\/eu\/\" \/>\n<meta property=\"og:locale\" content=\"en_US\" \/>\n<meta property=\"og:type\" content=\"article\" \/>\n<meta property=\"og:title\" content=\"Inicio - Victor Carmelo Arrinda Elorriaga\" \/>\n<meta property=\"og:description\" content=\"V\u00edctor Carmelo Suministro Industrial Todo lo que necesitas para construir, crear y crecer. Sobre Nosotros Con m\u00e1s de 35 a\u00f1os de experiencia en el sector, nuestra empresa se ha consolidado como un referente en el suministro industrial, ofreciendo soluciones eficientes y productos de alta calidad para profesionales y empresas de diversos sectores. Desde nuestros inicios, [&hellip;]\" \/>\n<meta property=\"og:url\" content=\"https:\/\/victorcarmeloarrinda.es\/eu\/\" \/>\n<meta property=\"og:site_name\" content=\"Victor Carmelo Arrinda Elorriaga\" \/>\n<meta property=\"article:modified_time\" content=\"2025-02-06T10:29:49+00:00\" \/>\n<meta property=\"og:image\" content=\"https:\/\/victorcarmeloarrinda.es\/wp-content\/uploads\/2025\/02\/Foto-Web.jpg\" \/>\n\t<meta property=\"og:image:width\" content=\"1697\" \/>\n\t<meta property=\"og:image:height\" content=\"2335\" \/>\n\t<meta property=\"og:image:type\" content=\"image\/jpeg\" \/>\n<meta name=\"twitter:card\" content=\"summary_large_image\" \/>\n<meta name=\"twitter:label1\" content=\"Est. reading time\" \/>\n\t<meta name=\"twitter:data1\" content=\"1 minutua\" \/>\n<script type=\"application\/ld+json\" class=\"yoast-schema-graph\">{\"@context\":\"https:\\\/\\\/schema.org\",\"@graph\":[{\"@type\":\"WebPage\",\"@id\":\"https:\\\/\\\/victorcarmeloarrinda.es\\\/\",\"url\":\"https:\\\/\\\/victorcarmeloarrinda.es\\\/\",\"name\":\"Inicio - Victor Carmelo Arrinda Elorriaga\",\"isPartOf\":{\"@id\":\"https:\\\/\\\/victorcarmeloarrinda.es\\\/#website\"},\"primaryImageOfPage\":{\"@id\":\"https:\\\/\\\/victorcarmeloarrinda.es\\\/#primaryimage\"},\"image\":{\"@id\":\"https:\\\/\\\/victorcarmeloarrinda.es\\\/#primaryimage\"},\"thumbnailUrl\":\"https:\\\/\\\/victorcarmeloarrinda.es\\\/wp-content\\\/uploads\\\/2025\\\/02\\\/Foto-Web.jpg\",\"datePublished\":\"2024-10-29T16:26:58+00:00\",\"dateModified\":\"2025-02-06T10:29:49+00:00\",\"breadcrumb\":{\"@id\":\"https:\\\/\\\/victorcarmeloarrinda.es\\\/#breadcrumb\"},\"inLanguage\":\"eu\",\"potentialAction\":[{\"@type\":\"ReadAction\",\"target\":[\"https:\\\/\\\/victorcarmeloarrinda.es\\\/\"]}]},{\"@type\":\"ImageObject\",\"inLanguage\":\"eu\",\"@id\":\"https:\\\/\\\/victorcarmeloarrinda.es\\\/#primaryimage\",\"url\":\"https:\\\/\\\/victorcarmeloarrinda.es\\\/wp-content\\\/uploads\\\/2025\\\/02\\\/Foto-Web.jpg\",\"contentUrl\":\"https:\\\/\\\/victorcarmeloarrinda.es\\\/wp-content\\\/uploads\\\/2025\\\/02\\\/Foto-Web.jpg\"},{\"@type\":\"BreadcrumbList\",\"@id\":\"https:\\\/\\\/victorcarmeloarrinda.es\\\/#breadcrumb\",\"itemListElement\":[{\"@type\":\"ListItem\",\"position\":1,\"name\":\"Portada\",\"item\":\"https:\\\/\\\/victorcarmeloarrinda.es\\\/\"},{\"@type\":\"ListItem\",\"position\":2,\"name\":\"Inicio\"}]},{\"@type\":\"WebSite\",\"@id\":\"https:\\\/\\\/victorcarmeloarrinda.es\\\/#website\",\"url\":\"https:\\\/\\\/victorcarmeloarrinda.es\\\/\",\"name\":\"Victor Carmelo Arrinda Elorriaga\",\"description\":\"Suministro Industrial\",\"publisher\":{\"@id\":\"https:\\\/\\\/victorcarmeloarrinda.es\\\/#organization\"},\"potentialAction\":[{\"@type\":\"SearchAction\",\"target\":{\"@type\":\"EntryPoint\",\"urlTemplate\":\"https:\\\/\\\/victorcarmeloarrinda.es\\\/?s={search_term_string}\"},\"query-input\":{\"@type\":\"PropertyValueSpecification\",\"valueRequired\":true,\"valueName\":\"search_term_string\"}}],\"inLanguage\":\"eu\"},{\"@type\":\"Organization\",\"@id\":\"https:\\\/\\\/victorcarmeloarrinda.es\\\/#organization\",\"name\":\"Victor Carmelo Arrinda Elorriaga\",\"url\":\"https:\\\/\\\/victorcarmeloarrinda.es\\\/\",\"logo\":{\"@type\":\"ImageObject\",\"inLanguage\":\"eu\",\"@id\":\"https:\\\/\\\/victorcarmeloarrinda.es\\\/#\\\/schema\\\/logo\\\/image\\\/\",\"url\":\"https:\\\/\\\/victorcarmeloarrinda.es\\\/wp-content\\\/uploads\\\/2025\\\/01\\\/cropped-Victor-Carmelo-Arrinda-1.png\",\"contentUrl\":\"https:\\\/\\\/victorcarmeloarrinda.es\\\/wp-content\\\/uploads\\\/2025\\\/01\\\/cropped-Victor-Carmelo-Arrinda-1.png\",\"width\":500,\"height\":210,\"caption\":\"Victor Carmelo Arrinda Elorriaga \"},\"image\":{\"@id\":\"https:\\\/\\\/victorcarmeloarrinda.es\\\/#\\\/schema\\\/logo\\\/image\\\/\"}}]}<\/script>\n<!-- \/ Yoast SEO plugin. -->","yoast_head_json":{"title":"Inicio - Victor Carmelo Arrinda Elorriaga","robots":{"index":"index","follow":"follow","max-snippet":"max-snippet:-1","max-image-preview":"max-image-preview:large","max-video-preview":"max-video-preview:-1"},"canonical":"https:\/\/victorcarmeloarrinda.es\/eu\/","og_locale":"en_US","og_type":"article","og_title":"Inicio - Victor Carmelo Arrinda Elorriaga","og_description":"V\u00edctor Carmelo Suministro Industrial Todo lo que necesitas para construir, crear y crecer. Sobre Nosotros Con m\u00e1s de 35 a\u00f1os de experiencia en el sector, nuestra empresa se ha consolidado como un referente en el suministro industrial, ofreciendo soluciones eficientes y productos de alta calidad para profesionales y empresas de diversos sectores. Desde nuestros inicios, [&hellip;]","og_url":"https:\/\/victorcarmeloarrinda.es\/eu\/","og_site_name":"Victor Carmelo Arrinda Elorriaga","article_modified_time":"2025-02-06T10:29:49+00:00","og_image":[{"width":1697,"height":2335,"url":"https:\/\/victorcarmeloarrinda.es\/wp-content\/uploads\/2025\/02\/Foto-Web.jpg","type":"image\/jpeg"}],"twitter_card":"summary_large_image","twitter_misc":{"Est. reading time":"1 minutua"},"schema":{"@context":"https:\/\/schema.org","@graph":[{"@type":"WebPage","@id":"https:\/\/victorcarmeloarrinda.es\/","url":"https:\/\/victorcarmeloarrinda.es\/","name":"Inicio - Victor Carmelo Arrinda Elorriaga","isPartOf":{"@id":"https:\/\/victorcarmeloarrinda.es\/#website"},"primaryImageOfPage":{"@id":"https:\/\/victorcarmeloarrinda.es\/#primaryimage"},"image":{"@id":"https:\/\/victorcarmeloarrinda.es\/#primaryimage"},"thumbnailUrl":"https:\/\/victorcarmeloarrinda.es\/wp-content\/uploads\/2025\/02\/Foto-Web.jpg","datePublished":"2024-10-29T16:26:58+00:00","dateModified":"2025-02-06T10:29:49+00:00","breadcrumb":{"@id":"https:\/\/victorcarmeloarrinda.es\/#breadcrumb"},"inLanguage":"eu","potentialAction":[{"@type":"ReadAction","target":["https:\/\/victorcarmeloarrinda.es\/"]}]},{"@type":"ImageObject","inLanguage":"eu","@id":"https:\/\/victorcarmeloarrinda.es\/#primaryimage","url":"https:\/\/victorcarmeloarrinda.es\/wp-content\/uploads\/2025\/02\/Foto-Web.jpg","contentUrl":"https:\/\/victorcarmeloarrinda.es\/wp-content\/uploads\/2025\/02\/Foto-Web.jpg"},{"@type":"BreadcrumbList","@id":"https:\/\/victorcarmeloarrinda.es\/#breadcrumb","itemListElement":[{"@type":"ListItem","position":1,"name":"Portada","item":"https:\/\/victorcarmeloarrinda.es\/"},{"@type":"ListItem","position":2,"name":"Inicio"}]},{"@type":"WebSite","@id":"https:\/\/victorcarmeloarrinda.es\/#website","url":"https:\/\/victorcarmeloarrinda.es\/","name":"Victor Carmelo Arrinda Elorriaga","description":"Industria-hornidura","publisher":{"@id":"https:\/\/victorcarmeloarrinda.es\/#organization"},"potentialAction":[{"@type":"SearchAction","target":{"@type":"EntryPoint","urlTemplate":"https:\/\/victorcarmeloarrinda.es\/?s={search_term_string}"},"query-input":{"@type":"PropertyValueSpecification","valueRequired":true,"valueName":"search_term_string"}}],"inLanguage":"eu"},{"@type":"Organization","@id":"https:\/\/victorcarmeloarrinda.es\/#organization","name":"Victor Carmelo Arrinda Elorriaga","url":"https:\/\/victorcarmeloarrinda.es\/","logo":{"@type":"ImageObject","inLanguage":"eu","@id":"https:\/\/victorcarmeloarrinda.es\/#\/schema\/logo\/image\/","url":"https:\/\/victorcarmeloarrinda.es\/wp-content\/uploads\/2025\/01\/cropped-Victor-Carmelo-Arrinda-1.png","contentUrl":"https:\/\/victorcarmeloarrinda.es\/wp-content\/uploads\/2025\/01\/cropped-Victor-Carmelo-Arrinda-1.png","width":500,"height":210,"caption":"Victor Carmelo Arrinda Elorriaga "},"image":{"@id":"https:\/\/victorcarmeloarrinda.es\/#\/schema\/logo\/image\/"}}]}},"_links":{"self":[{"href":"https:\/\/victorcarmeloarrinda.es\/eu\/wp-json\/wp\/v2\/pages\/2","targetHints":{"allow":["GET"]}}],"collection":[{"href":"https:\/\/victorcarmeloarrinda.es\/eu\/wp-json\/wp\/v2\/pages"}],"about":[{"href":"https:\/\/victorcarmeloarrinda.es\/eu\/wp-json\/wp\/v2\/types\/page"}],"author":[{"embeddable":true,"href":"https:\/\/victorcarmeloarrinda.es\/eu\/wp-json\/wp\/v2\/users\/4"}],"replies":[{"embeddable":true,"href":"https:\/\/victorcarmeloarrinda.es\/eu\/wp-json\/wp\/v2\/comments?post=2"}],"version-history":[{"count":517,"href":"https:\/\/victorcarmeloarrinda.es\/eu\/wp-json\/wp\/v2\/pages\/2\/revisions"}],"predecessor-version":[{"id":1748,"href":"https:\/\/victorcarmeloarrinda.es\/eu\/wp-json\/wp\/v2\/pages\/2\/revisions\/1748"}],"wp:attachment":[{"href":"https:\/\/victorcarmeloarrinda.es\/eu\/wp-json\/wp\/v2\/media?parent=2"}],"curies":[{"name":"wp","href":"https:\/\/api.w.org\/{rel}","templated":true}]}}